{"id":3398,"date":"2020-06-05T05:11:35","date_gmt":"2020-06-05T05:11:35","guid":{"rendered":"http:\/\/www.batukimusic.com\/site2\/?page_id=3398"},"modified":"2025-08-01T17:51:16","modified_gmt":"2025-08-01T17:51:16","slug":"news","status":"publish","type":"page","link":"https:\/\/batukimusic.com\/site2\/fr\/news\/","title":{"rendered":"Actualit\u00e9s"},"content":{"rendered":"\t\t<div data-elementor-type=\"wp-page\" data-elementor-id=\"3398\" class=\"elementor elementor-3398\">\n\t\t\t\t\t\t<section class=\"elementor-section elementor-top-section elementor-element elementor-element-7de6072 elementor-reverse-mobile elementor-section-full_width elementor-section-height-default elementor-section-height-default\" data-id=\"7de6072\" data-element_type=\"section\" data-e-type=\"section\" data-settings=\"{&quot;background_background&quot;:&quot;classic&quot;,&quot;shape_divider_bottom&quot;:&quot;wave-brush&quot;}\">\n\t\t\t\t\t<div class=\"elementor-shape elementor-shape-bottom\" aria-hidden=\"true\" data-negative=\"false\">\n\t\t\t<svg xmlns=\"http:\/\/www.w3.org\/2000\/svg\" viewBox=\"0 0 283.5 27.8\" preserveAspectRatio=\"none\">\n\t<path class=\"elementor-shape-fill\" d=\"M283.5,9.7c0,0-7.3,4.3-14,4.6c-6.8,0.3-12.6,0-20.9-1.5c-11.3-2-33.1-10.1-44.7-5.7\ts-12.1,4.6-18,7.4c-6.6,3.2-20,9.6-36.6,9.3C131.6,23.5,99.5,7.2,86.3,8c-1.4,0.1-6.6,0.8-10.5,2c-3.8,1.2-9.4,3.8-17,4.7\tc-3.2,0.4-8.3,1.1-14.2,0.9c-1.5-0.1-6.3-0.4-12-1.6c-5.7-1.2-11-3.1-15.8-3.7C6.5,9.2,0,10.8,0,10.8V0h283.5V9.7z M260.8,11.3\tc-0.7-1-2-0.4-4.3-0.4c-2.3,0-6.1-1.2-5.8-1.1c0.3,0.1,3.1,1.5,6,1.9C259.7,12.2,261.4,12.3,260.8,11.3z M242.4,8.6\tc0,0-2.4-0.2-5.6-0.9c-3.2-0.8-10.3-2.8-15.1-3.5c-8.2-1.1-15.8,0-15.1,0.1c0.8,0.1,9.6-0.6,17.6,1.1c3.3,0.7,9.3,2.2,12.4,2.7\tC239.9,8.7,242.4,8.6,242.4,8.6z M185.2,8.5c1.7-0.7-13.3,4.7-18.5,6.1c-2.1,0.6-6.2,1.6-10,2c-3.9,0.4-8.9,0.4-8.8,0.5\tc0,0.2,5.8,0.8,11.2,0c5.4-0.8,5.2-1.1,7.6-1.6C170.5,14.7,183.5,9.2,185.2,8.5z M199.1,6.9c0.2,0-0.8-0.4-4.8,1.1\tc-4,1.5-6.7,3.5-6.9,3.7c-0.2,0.1,3.5-1.8,6.6-3C197,7.5,199,6.9,199.1,6.9z M283,6c-0.1,0.1-1.9,1.1-4.8,2.5s-6.9,2.8-6.7,2.7\tc0.2,0,3.5-0.6,7.4-2.5C282.8,6.8,283.1,5.9,283,6z M31.3,11.6c0.1-0.2-1.9-0.2-4.5-1.2s-5.4-1.6-7.8-2C15,7.6,7.3,8.5,7.7,8.6\tC8,8.7,15.9,8.3,20.2,9.3c2.2,0.5,2.4,0.5,5.7,1.6S31.2,11.9,31.3,11.6z M73,9.2c0.4-0.1,3.5-1.6,8.4-2.6c4.9-1.1,8.9-0.5,8.9-0.8\tc0-0.3-1-0.9-6.2-0.3S72.6,9.3,73,9.2z M71.6,6.7C71.8,6.8,75,5.4,77.3,5c2.3-0.3,1.9-0.5,1.9-0.6c0-0.1-1.1-0.2-2.7,0.2\tC74.8,5.1,71.4,6.6,71.6,6.7z M93.6,4.4c0.1,0.2,3.5,0.8,5.6,1.8c2.1,1,1.8,0.6,1.9,0.5c0.1-0.1-0.8-0.8-2.4-1.3\tC97.1,4.8,93.5,4.2,93.6,4.4z M65.4,11.1c-0.1,0.3,0.3,0.5,1.9-0.2s2.6-1.3,2.2-1.2s-0.9,0.4-2.5,0.8C65.3,10.9,65.5,10.8,65.4,11.1\tz M34.5,12.4c-0.2,0,2.1,0.8,3.3,0.9c1.2,0.1,2,0.1,2-0.2c0-0.3-0.1-0.5-1.6-0.4C36.6,12.8,34.7,12.4,34.5,12.4z M152.2,21.1\tc-0.1,0.1-2.4-0.3-7.5-0.3c-5,0-13.6-2.4-17.2-3.5c-3.6-1.1,10,3.9,16.5,4.1C150.5,21.6,152.3,21,152.2,21.1z\"\/>\n\t<path class=\"elementor-shape-fill\" d=\"M269.6,18c-0.1-0.1-4.6,0.3-7.2,0c-7.3-0.7-17-3.2-16.6-2.9c0.4,0.3,13.7,3.1,17,3.3\tC267.7,18.8,269.7,18,269.6,18z\"\/>\n\t<path class=\"elementor-shape-fill\" d=\"M227.4,9.8c-0.2-0.1-4.5-1-9.5-1.2c-5-0.2-12.7,0.6-12.3,0.5c0.3-0.1,5.9-1.8,13.3-1.2\tS227.6,9.9,227.4,9.8z\"\/>\n\t<path class=\"elementor-shape-fill\" d=\"M204.5,13.4c-0.1-0.1,2-1,3.2-1.1c1.2-0.1,2,0,2,0.3c0,0.3-0.1,0.5-1.6,0.4\tC206.4,12.9,204.6,13.5,204.5,13.4z\"\/>\n\t<path class=\"elementor-shape-fill\" d=\"M201,10.6c0-0.1-4.4,1.2-6.3,2.2c-1.9,0.9-6.2,3.1-6.1,3.1c0.1,0.1,4.2-1.6,6.3-2.6\tS201,10.7,201,10.6z\"\/>\n\t<path class=\"elementor-shape-fill\" d=\"M154.5,26.7c-0.1-0.1-4.6,0.3-7.2,0c-7.3-0.7-17-3.2-16.6-2.9c0.4,0.3,13.7,3.1,17,3.3\tC152.6,27.5,154.6,26.8,154.5,26.7z\"\/>\n\t<path class=\"elementor-shape-fill\" d=\"M41.9,19.3c0,0,1.2-0.3,2.9-0.1c1.7,0.2,5.8,0.9,8.2,0.7c4.2-0.4,7.4-2.7,7-2.6\tc-0.4,0-4.3,2.2-8.6,1.9c-1.8-0.1-5.1-0.5-6.7-0.4S41.9,19.3,41.9,19.3z\"\/>\n\t<path class=\"elementor-shape-fill\" d=\"M75.5,12.6c0.2,0.1,2-0.8,4.3-1.1c2.3-0.2,2.1-0.3,2.1-0.5c0-0.1-1.8-0.4-3.4,0\tC76.9,11.5,75.3,12.5,75.5,12.6z\"\/>\n\t<path class=\"elementor-shape-fill\" d=\"M15.6,13.2c0-0.1,4.3,0,6.7,0.5c2.4,0.5,5,1.9,5,2c0,0.1-2.7-0.8-5.1-1.4\tC19.9,13.7,15.7,13.3,15.6,13.2z\"\/>\n<\/svg>\t\t<\/div>\n\t\t\t\t\t<div class=\"elementor-container elementor-column-gap-default\">\n\t\t\t\t\t<div class=\"elementor-column elementor-col-100 elementor-top-column elementor-element elementor-element-79d71ac\" data-id=\"79d71ac\" data-element_type=\"column\" data-e-type=\"column\">\n\t\t\t<div class=\"elementor-widget-wrap elementor-element-populated\">\n\t\t\t\t\t\t<section class=\"elementor-section elementor-inner-section elementor-element elementor-element-a039844 column-right-align elementor-section-boxed elementor-section-height-default elementor-section-height-default\" data-id=\"a039844\" data-element_type=\"section\" data-e-type=\"section\">\n\t\t\t\t\t\t<div class=\"elementor-container elementor-column-gap-default\">\n\t\t\t\t\t<div class=\"elementor-column elementor-col-100 elementor-inner-column elementor-element elementor-element-0f85240\" data-id=\"0f85240\" data-element_type=\"column\" data-e-type=\"column\">\n\t\t\t<div class=\"elementor-widget-wrap elementor-element-populated\">\n\t\t\t\t\t\t<div class=\"elementor-element elementor-element-3c0ad7a animated-slow elementor-invisible elementor-widget elementor-widget-heading\" data-id=\"3c0ad7a\" data-element_type=\"widget\" data-e-type=\"widget\" data-settings=\"{&quot;_animation&quot;:&quot;fadeInUp&quot;}\" data-widget_type=\"heading.default\">\n\t\t\t\t<div class=\"elementor-widget-container\">\n\t\t\t\t\t<h2 class=\"elementor-heading-title elementor-size-default\">Actualit\u00e9s<\/h2>\t\t\t\t<\/div>\n\t\t\t\t<\/div>\n\t\t\t\t<div class=\"elementor-element elementor-element-b08ed1f animated-slow elementor-invisible elementor-widget elementor-widget-text-editor\" data-id=\"b08ed1f\" data-element_type=\"widget\" data-e-type=\"widget\" data-settings=\"{&quot;_animation&quot;:&quot;fadeInUp&quot;,&quot;_animation_delay&quot;:&quot;400&quot;}\" data-widget_type=\"text-editor.default\">\n\t\t\t\t<div class=\"elementor-widget-container\">\n\t\t\t\t\t\t\t\t\t<p>Annonces .<span class=\"JLqJ4b\" data-language-for-alternatives=\"fr\" data-language-to-translate-into=\"en\" data-phrase-index=\"1\"> M<span class=\"JLqJ4b ChMk0b\" data-language-for-alternatives=\"fr\" data-language-to-translate-into=\"en\" data-phrase-index=\"2\">\u00e9dias<\/span><\/span><\/p>\t\t\t\t\t\t\t\t<\/div>\n\t\t\t\t<\/div>\n\t\t\t\t\t<\/div>\n\t\t<\/div>\n\t\t\t\t\t<\/div>\n\t\t<\/section>\n\t\t\t\t\t<\/div>\n\t\t<\/div>\n\t\t\t\t<div class=\"elementor-column elementor-col-100 elementor-top-column elementor-element elementor-element-f27c883\" data-id=\"f27c883\" data-element_type=\"column\" data-e-type=\"column\">\n\t\t\t<div class=\"elementor-widget-wrap elementor-element-populated\">\n\t\t\t\t\t\t<div class=\"elementor-element elementor-element-1c24b04 elementor-widget__width-auto elementor-absolute elementor-hidden-tablet elementor-hidden-phone elementor-view-default elementor-invisible elementor-widget elementor-widget-icon\" data-id=\"1c24b04\" data-element_type=\"widget\" data-e-type=\"widget\" data-settings=\"{&quot;_position&quot;:&quot;absolute&quot;,&quot;_animation&quot;:&quot;fadeInRight&quot;,&quot;_animation_delay&quot;:&quot;1200&quot;}\" data-widget_type=\"icon.default\">\n\t\t\t\t<div class=\"elementor-widget-container\">\n\t\t\t\t\t\t\t<div class=\"elementor-icon-wrapper\">\n\t\t\t<div class=\"elementor-icon\">\n\t\t\t\t\t\t<\/div>\n\t\t<\/div>\n\t\t\t\t\t\t<\/div>\n\t\t\t\t<\/div>\n\t\t\t\t<div class=\"elementor-element elementor-element-76ed403 elementor-invisible elementor-widget elementor-widget-image\" data-id=\"76ed403\" data-element_type=\"widget\" data-e-type=\"widget\" data-settings=\"{&quot;_animation&quot;:&quot;fadeInUp&quot;,&quot;_animation_delay&quot;:&quot;800&quot;}\" data-widget_type=\"image.default\">\n\t\t\t\t<div class=\"elementor-widget-container\">\n\t\t\t\t\t\t\t\t\t\t\t\t\t\t\t<img fetchpriority=\"high\" decoding=\"async\" width=\"640\" height=\"235\" src=\"https:\/\/batukimusic.com\/site2\/wp-content\/uploads\/2020\/07\/artists-top6.jpg\" class=\"attachment-large size-large wp-image-3681\" alt=\"batuki music society toronto ontario canada africa african art culture artists nadine mcnulty otimoi oyemu habari concert\" srcset=\"https:\/\/batukimusic.com\/site2\/wp-content\/uploads\/2020\/07\/artists-top6.jpg 990w, https:\/\/batukimusic.com\/site2\/wp-content\/uploads\/2020\/07\/artists-top6-300x110.jpg 300w, https:\/\/batukimusic.com\/site2\/wp-content\/uploads\/2020\/07\/artists-top6-768x282.jpg 768w\" sizes=\"(max-width: 640px) 100vw, 640px\" \/>\t\t\t\t\t\t\t\t\t\t\t\t\t\t\t<\/div>\n\t\t\t\t<\/div>\n\t\t\t\t\t<\/div>\n\t\t<\/div>\n\t\t\t\t\t<\/div>\n\t\t<\/section>\n\t\t\t\t<section class=\"elementor-section elementor-top-section elementor-element elementor-element-b34a011 elementor-section-stretched elementor-section-boxed elementor-section-height-default elementor-section-height-default\" data-id=\"b34a011\" data-element_type=\"section\" data-e-type=\"section\" data-settings=\"{&quot;stretch_section&quot;:&quot;section-stretched&quot;}\">\n\t\t\t\t\t\t<div class=\"elementor-container elementor-column-gap-no\">\n\t\t\t\t\t<div class=\"elementor-column elementor-col-100 elementor-top-column elementor-element elementor-element-3196bb0 elementor-invisible\" data-id=\"3196bb0\" data-element_type=\"column\" data-e-type=\"column\" data-settings=\"{&quot;animation&quot;:&quot;slideInUp&quot;}\">\n\t\t\t<div class=\"elementor-widget-wrap elementor-element-populated\">\n\t\t\t\t\t\t<div class=\"elementor-element elementor-element-3eaf895 elementor-grid-eael-col-2 animated-slow elementor-grid-tablet-eael-col-2 elementor-grid-mobile-eael-col-1 elementor-invisible elementor-widget elementor-widget-eael-post-grid\" data-id=\"3eaf895\" data-element_type=\"widget\" data-e-type=\"widget\" data-settings=\"{&quot;eael_post_grid_columns&quot;:&quot;eael-col-2&quot;,&quot;_animation&quot;:&quot;fadeInUp&quot;,&quot;eael_post_grid_columns_tablet&quot;:&quot;eael-col-2&quot;,&quot;eael_post_grid_columns_mobile&quot;:&quot;eael-col-1&quot;}\" data-widget_type=\"eael-post-grid.default\">\n\t\t\t\t<div class=\"elementor-widget-container\">\n\t\t\t\t\t<div id=\"eael-post-grid-3eaf895\" class=\"eael-post-grid-container\">\n            <div class=\"eael-post-grid eael-post-appender eael-post-appender-3eaf895 eael-post-grid-style-one\" data-layout-mode=\"masonry\"><article class=\"eael-grid-post  eael-post-grid-column eael-pg-post-7788 category-2026-eventscat-news-workshops tags-africa-african-african-music-ann-mackeigan-batuki-music-canada-compass-media-media-music-nadine-mcnulty-toronto-workshop\" data-id=\"7788\">\n        <div class=\"eael-grid-post-holder\">\n            <div class=\"eael-grid-post-holder-inner\"><div class=\"eael-entry-media\"><div class=\"eael-entry-overlay slide-up\"><i class=\"fas fa-long-arrow-alt-right\" aria-hidden=\"true\"><\/i><a href=\"https:\/\/batukimusic.com\/site2\/fr\/eventscat\/media-performance-readiness-workshop\/\"><\/a><\/div><div class=\"eael-entry-thumbnail \">\n                <img decoding=\"async\" width=\"640\" height=\"338\" src=\"https:\/\/batukimusic.com\/site2\/wp-content\/uploads\/2026\/03\/MediaWkshpMar26-fbe-1024x541.jpg\" class=\"attachment-large size-large wp-image-7807\" alt=\"batuki music society toronto ontario canada africa african art culture artists nadine mcnulty otimoi oyemu habari media compass performance show readiness workshop ann mackeigan\" srcset=\"https:\/\/batukimusic.com\/site2\/wp-content\/uploads\/2026\/03\/MediaWkshpMar26-fbe-1024x541.jpg 1024w, https:\/\/batukimusic.com\/site2\/wp-content\/uploads\/2026\/03\/MediaWkshpMar26-fbe-300x158.jpg 300w, https:\/\/batukimusic.com\/site2\/wp-content\/uploads\/2026\/03\/MediaWkshpMar26-fbe-768x406.jpg 768w, https:\/\/batukimusic.com\/site2\/wp-content\/uploads\/2026\/03\/MediaWkshpMar26-fbe.jpg 1350w\" sizes=\"(max-width: 640px) 100vw, 640px\" \/>\n            <\/div>\n        <\/div><div class=\"eael-entry-wrapper\"><header class=\"eael-entry-header\"><h2 class=\"eael-entry-title\"><a class=\"eael-grid-post-link\" href=\"https:\/\/batukimusic.com\/site2\/fr\/eventscat\/media-performance-readiness-workshop\/\" title=\"Atelier de pr\u00e9paration aux m\u00e9dias et \u00e0 la performance\">Atelier de pr\u00e9paration aux m\u00e9dias et \u00e0 la performance<\/a><\/h2><\/header><div class=\"eael-entry-content\">\n                        <div class=\"eael-grid-post-excerpt\"><p>En mars 2026, la Batuki Music Society a organis\u00e9 un atelier de pr\u00e9paration aux m\u00e9dias et \u00e0 la sc\u00e8ne, anim\u00e9 par Ann MacKeigan de Campus... ...<\/p><a href=\"https:\/\/batukimusic.com\/site2\/fr\/eventscat\/media-performance-readiness-workshop\/\" class=\"eael-post-elements-readmore-btn\">MORE &rArr;<\/a><\/div>\n                    <\/div><\/div><\/div>\n        <\/div>\n    <\/article><article class=\"eael-grid-post  eael-post-grid-column eael-pg-post-7633 category-2026-news tags-african-music-batuki-music-canada-christmas-holidays-montreal-nadine-mcnulty-new-year-ontario-quebec-seasons-greetings-thank-you-toronto\" data-id=\"7633\">\n        <div class=\"eael-grid-post-holder\">\n            <div class=\"eael-grid-post-holder-inner\"><div class=\"eael-entry-media\"><div class=\"eael-entry-overlay slide-up\"><i class=\"fas fa-long-arrow-alt-right\" aria-hidden=\"true\"><\/i><a href=\"https:\/\/batukimusic.com\/site2\/fr\/news\/seasons-greetings-2026\/\"><\/a><\/div><div class=\"eael-entry-thumbnail \">\n                <img decoding=\"async\" width=\"640\" height=\"640\" src=\"https:\/\/batukimusic.com\/site2\/wp-content\/uploads\/2025\/12\/SeasonGreetDec25-1024x1024.jpg\" class=\"attachment-large size-large wp-image-7634\" alt=\"season&#039;s greetings batuki music, nadine mcnulty, new year\" srcset=\"https:\/\/batukimusic.com\/site2\/wp-content\/uploads\/2025\/12\/SeasonGreetDec25-1024x1024.jpg 1024w, https:\/\/batukimusic.com\/site2\/wp-content\/uploads\/2025\/12\/SeasonGreetDec25-300x300.jpg 300w, https:\/\/batukimusic.com\/site2\/wp-content\/uploads\/2025\/12\/SeasonGreetDec25-150x150.jpg 150w, https:\/\/batukimusic.com\/site2\/wp-content\/uploads\/2025\/12\/SeasonGreetDec25-768x767.jpg 768w, https:\/\/batukimusic.com\/site2\/wp-content\/uploads\/2025\/12\/SeasonGreetDec25.jpg 1351w\" sizes=\"(max-width: 640px) 100vw, 640px\" \/>\n            <\/div>\n        <\/div><div class=\"eael-entry-wrapper\"><header class=\"eael-entry-header\"><h2 class=\"eael-entry-title\"><a class=\"eael-grid-post-link\" href=\"https:\/\/batukimusic.com\/site2\/fr\/news\/seasons-greetings-2026\/\" title=\"Salutations de la saison 2026!\">Salutations de la saison 2026!<\/a><\/h2><\/header><div class=\"eael-entry-content\">\n                        <div class=\"eael-grid-post-excerpt\"><p>Un immense merci \u00e0 tous les artistes, spectateurs, vendeurs, partenaires, sponsors, b\u00e9n\u00e9voles et membres du personnel qui ont contribu\u00e9 \u00e0 faire de 2025 une ann\u00e9e... ...<\/p><a href=\"https:\/\/batukimusic.com\/site2\/fr\/news\/seasons-greetings-2026\/\" class=\"eael-post-elements-readmore-btn\">MORE &rArr;<\/a><\/div>\n                    <\/div><\/div><\/div>\n        <\/div>\n    <\/article><article class=\"eael-grid-post  eael-post-grid-column eael-pg-post-6824 category-2025-news tags-african-music-alliance-francaise-andy-lee-assane-seck-batuki-music-canada-carlo-birri-coup-de-coeur-ilam-metradio-montreal-nadine-mcnulty-pape-ndiaye-review-sadio-sissokho-seydina-ndiaye-toronto\" data-id=\"6824\">\n        <div class=\"eael-grid-post-holder\">\n            <div class=\"eael-grid-post-holder-inner\"><div class=\"eael-entry-media\"><div class=\"eael-entry-overlay slide-up\"><i class=\"fas fa-long-arrow-alt-right\" aria-hidden=\"true\"><\/i><a href=\"https:\/\/batukimusic.com\/site2\/fr\/news\/coup-de-coeur-concert-review-by-andy-lee\/\"><\/a><\/div><div class=\"eael-entry-thumbnail \">\n                <img loading=\"lazy\" decoding=\"async\" width=\"640\" height=\"338\" src=\"https:\/\/batukimusic.com\/site2\/wp-content\/uploads\/2025\/02\/andyleereview-fbe-1024x540.jpg\" class=\"attachment-large size-large wp-image-6825\" alt=\"batuki music society toronto ontario canada africa african art culture artists nadine mcnulty otimoi oyemu habari concert west africa alliance francaise senegal sadio sissokho seydina ndiaye carlo birri ilam assane seck pape ndiaye andy lee metradio\" srcset=\"https:\/\/batukimusic.com\/site2\/wp-content\/uploads\/2025\/02\/andyleereview-fbe-1024x540.jpg 1024w, https:\/\/batukimusic.com\/site2\/wp-content\/uploads\/2025\/02\/andyleereview-fbe-300x158.jpg 300w, https:\/\/batukimusic.com\/site2\/wp-content\/uploads\/2025\/02\/andyleereview-fbe-768x405.jpg 768w, https:\/\/batukimusic.com\/site2\/wp-content\/uploads\/2025\/02\/andyleereview-fbe.jpg 1440w\" sizes=\"(max-width: 640px) 100vw, 640px\" \/>\n            <\/div>\n        <\/div><div class=\"eael-entry-wrapper\"><header class=\"eael-entry-header\"><h2 class=\"eael-entry-title\"><a class=\"eael-grid-post-link\" href=\"https:\/\/batukimusic.com\/site2\/fr\/news\/coup-de-coeur-concert-review-by-andy-lee\/\" title=\"Critique du concert Coup de c\u0153ur par Andy Lee\">Critique du concert Coup de c\u0153ur par Andy Lee<\/a><\/h2><\/header><div class=\"eael-entry-content\">\n                        <div class=\"eael-grid-post-excerpt\"><p>\u00ab\u00a0&#8230;Sporting grins as bright as their traditional West African patterns, the skilled sextet wove soulful melodies and lively rhythms as they led the eager audience... ...<\/p><a href=\"https:\/\/batukimusic.com\/site2\/fr\/news\/coup-de-coeur-concert-review-by-andy-lee\/\" class=\"eael-post-elements-readmore-btn\">MORE &rArr;<\/a><\/div>\n                    <\/div><\/div><\/div>\n        <\/div>\n    <\/article><article class=\"eael-grid-post  eael-post-grid-column eael-pg-post-6746 category-2025-news tags-african-music-batuki-music-canada-christmas-holidays-montreal-nadine-mcnulty-new-year-ontario-quebec-seasons-greetings-thank-you-toronto\" data-id=\"6746\">\n        <div class=\"eael-grid-post-holder\">\n            <div class=\"eael-grid-post-holder-inner\"><div class=\"eael-entry-media\"><div class=\"eael-entry-overlay slide-up\"><i class=\"fas fa-long-arrow-alt-right\" aria-hidden=\"true\"><\/i><a href=\"https:\/\/batukimusic.com\/site2\/fr\/news\/seasons-greetings-2025\/\"><\/a><\/div><div class=\"eael-entry-thumbnail \">\n                <img loading=\"lazy\" decoding=\"async\" width=\"640\" height=\"640\" src=\"https:\/\/batukimusic.com\/site2\/wp-content\/uploads\/2024\/12\/SeasonGreetDec24-1024x1024.jpg\" class=\"attachment-large size-large wp-image-6728\" alt=\"season&#039;s greetings batuki music, nadine mcnulty, new year\" srcset=\"https:\/\/batukimusic.com\/site2\/wp-content\/uploads\/2024\/12\/SeasonGreetDec24-1024x1024.jpg 1024w, https:\/\/batukimusic.com\/site2\/wp-content\/uploads\/2024\/12\/SeasonGreetDec24-300x300.jpg 300w, https:\/\/batukimusic.com\/site2\/wp-content\/uploads\/2024\/12\/SeasonGreetDec24-150x150.jpg 150w, https:\/\/batukimusic.com\/site2\/wp-content\/uploads\/2024\/12\/SeasonGreetDec24-768x768.jpg 768w, https:\/\/batukimusic.com\/site2\/wp-content\/uploads\/2024\/12\/SeasonGreetDec24-1536x1536.jpg 1536w, https:\/\/batukimusic.com\/site2\/wp-content\/uploads\/2024\/12\/SeasonGreetDec24.jpg 1800w\" sizes=\"(max-width: 640px) 100vw, 640px\" \/>\n            <\/div>\n        <\/div><div class=\"eael-entry-wrapper\"><header class=\"eael-entry-header\"><h2 class=\"eael-entry-title\"><a class=\"eael-grid-post-link\" href=\"https:\/\/batukimusic.com\/site2\/fr\/news\/seasons-greetings-2025\/\" title=\"Salutations de la saison 2025!\">Salutations de la saison 2025!<\/a><\/h2><\/header><div class=\"eael-entry-content\">\n                        <div class=\"eael-grid-post-excerpt\"><p>Reconnaissant tous les artistes, b\u00e9n\u00e9voles, partenaires, commanditaires, public et personnel en 2024 ! On vous souhaite le meilleur en 2025 !<\/p><a href=\"https:\/\/batukimusic.com\/site2\/fr\/news\/seasons-greetings-2025\/\" class=\"eael-post-elements-readmore-btn\">MORE &rArr;<\/a><\/div>\n                    <\/div><\/div><\/div>\n        <\/div>\n    <\/article><\/div>\n            <div class=\"clearfix\"><\/div>\n        <\/div>            <div class=\"eael-load-more-button-wrap\">\n                <button class=\"eael-load-more-button\" id=\"eael-load-more-btn-3eaf895\" data-widget-id=\"3eaf895\" data-widget=\"3eaf895\" data-page-id=\"3398\" data-template=\"{&quot;dir&quot;:&quot;lite&quot;,&quot;file_name&quot;:&quot;one.php&quot;,&quot;name&quot;:&quot;Post-Grid&quot;}\" data-class=\"Essential_Addons_Elementor\\Elements\\Post_Grid\" data-layout=\"masonry\" data-page=\"1\" data-args=\"orderby=date&amp;order=desc&amp;ignore_sticky_posts=1&amp;post_status=publish&amp;posts_per_page=4&amp;offset=0&amp;post_type=post&amp;tax_query%5B0%5D%5Btaxonomy%5D=category&amp;tax_query%5B0%5D%5Bfield%5D=term_id&amp;tax_query%5B0%5D%5Bterms%5D%5B0%5D=235&amp;tax_query%5Brelation%5D=AND\" data-max-page=\"3\">\n                    <span class=\"eael-btn-loader button__loader\"><\/span>\n                    <span class=\"eael_load_more_text\">Load More<\/span>\n                <\/button>\n            <\/div>\n            \t\t\t\t<\/div>\n\t\t\t\t<\/div>\n\t\t\t\t\t<\/div>\n\t\t<\/div>\n\t\t\t\t\t<\/div>\n\t\t<\/section>\n\t\t\t\t<\/div>\n\t\t","protected":false},"excerpt":{"rendered":"<p>Actualit\u00e9s Annonces . M\u00e9dias Coup De Coeur Concert Review by Andy Lee &#8220;&#8230;Sporting grins as bright as their traditional West African patterns, the skilled sextet wove soulful melodies and lively rhythms as they led the &#8230;<\/p>\n","protected":false},"author":1,"featured_media":0,"parent":0,"menu_order":0,"comment_status":"closed","ping_status":"closed","template":"elementor_header_footer","meta":{"footnotes":""},"class_list":["post-3398","page","type-page","status-publish","hentry"],"_links":{"self":[{"href":"https:\/\/batukimusic.com\/site2\/fr\/wp-json\/wp\/v2\/pages\/3398","targetHints":{"allow":["GET"]}}],"collection":[{"href":"https:\/\/batukimusic.com\/site2\/fr\/wp-json\/wp\/v2\/pages"}],"about":[{"href":"https:\/\/batukimusic.com\/site2\/fr\/wp-json\/wp\/v2\/types\/page"}],"author":[{"embeddable":true,"href":"https:\/\/batukimusic.com\/site2\/fr\/wp-json\/wp\/v2\/users\/1"}],"replies":[{"embeddable":true,"href":"https:\/\/batukimusic.com\/site2\/fr\/wp-json\/wp\/v2\/comments?post=3398"}],"version-history":[{"count":23,"href":"https:\/\/batukimusic.com\/site2\/fr\/wp-json\/wp\/v2\/pages\/3398\/revisions"}],"predecessor-version":[{"id":7380,"href":"https:\/\/batukimusic.com\/site2\/fr\/wp-json\/wp\/v2\/pages\/3398\/revisions\/7380"}],"wp:attachment":[{"href":"https:\/\/batukimusic.com\/site2\/fr\/wp-json\/wp\/v2\/media?parent=3398"}],"curies":[{"name":"wp","href":"https:\/\/api.w.org\/{rel}","templated":true}]}}